{"id":12,"date":"2021-08-10T15:13:58","date_gmt":"2021-08-10T13:13:58","guid":{"rendered":"https:\/\/kits.themecy.com\/events-2\/?page_id=12"},"modified":"2026-04-17T08:40:38","modified_gmt":"2026-04-17T06:40:38","slug":"accommodation-frederiksvaerk-camping-hostel-cabins","status":"publish","type":"page","link":"https:\/\/fredfyldt.dk\/en\/overnatning-frederiksvaerk-camping-vandrehjem-hytter\/","title":{"rendered":"Ways-to-Stay"},"content":{"rendered":"<style>.kb-row-layout-wrap.wp-block-kadence-rowlayout.kb-row-layout-id12_2fbfbf-2b{margin-bottom:0px;}.kb-row-layout-id12_2fbfbf-2b > .kt-row-column-wrap{align-content:start;}:where(.kb-row-layout-id12_2fbfbf-2b > .kt-row-column-wrap) > .wp-block-kadence-column{justify-content:start;}.kb-row-layout-id12_2fbfbf-2b > .kt-row-column-wrap{column-gap:var(--global-kb-gap-md, 2rem);row-gap:var(--global-kb-gap-md, 2rem);max-width:var( --global-content-width, 1290px );padding-left:var(--global-content-edge-padding);padding-right:var(--global-content-edge-padding);padding-top:100px;padding-bottom:80px;grid-template-columns:minmax(0, 1fr);}.kb-row-layout-id12_2fbfbf-2b{background-image:url('https:\/\/fredfyldt.dk\/wp-content\/uploads\/2022\/01\/164-1-scaled.jpg');background-size:cover;background-position:49% 51%;background-attachment:scroll;background-repeat:no-repeat;}.kb-row-layout-id12_2fbfbf-2b > .kt-row-layout-overlay{opacity:0.60;background-color:var(--global-palette3, #1A202C);}@media all and (max-width: 1024px){.kb-row-layout-id12_2fbfbf-2b > .kt-row-column-wrap{grid-template-columns:minmax(0, 1fr);}}@media all and (max-width: 767px){.kb-row-layout-id12_2fbfbf-2b > .kt-row-column-wrap{grid-template-columns:minmax(0, 1fr);}}<\/style><div class=\"kb-row-layout-wrap kb-row-layout-id12_2fbfbf-2b aligncenter kt-row-has-bg wp-block-kadence-rowlayout\"><div class=\"kt-row-layout-overlay kt-row-overlay-normal\"><\/div><div class=\"kt-row-column-wrap kt-has-1-columns kt-row-layout-equal kt-tab-layout-inherit kt-mobile-layout-row kt-row-valign-top kb-theme-content-width\">\n<style>.kadence-column12_4c8e6b-56 > .kt-inside-inner-col,.kadence-column12_4c8e6b-56 > .kt-inside-inner-col:before{border-top-left-radius:0px;border-top-right-radius:0px;border-bottom-right-radius:0px;border-bottom-left-radius:0px;}.kadence-column12_4c8e6b-56 > .kt-inside-inner-col{column-gap:var(--global-kb-gap-sm, 1rem);}.kadence-column12_4c8e6b-56 > .kt-inside-inner-col{flex-direction:column;}.kadence-column12_4c8e6b-56 > .kt-inside-inner-col > .aligncenter{width:100%;}.kadence-column12_4c8e6b-56 > .kt-inside-inner-col:before{opacity:0.3;}.kadence-column12_4c8e6b-56{position:relative;}@media all and (max-width: 1024px){.kadence-column12_4c8e6b-56 > .kt-inside-inner-col{flex-direction:column;justify-content:center;}}@media all and (max-width: 767px){.kadence-column12_4c8e6b-56 > .kt-inside-inner-col{flex-direction:column;justify-content:center;}}<\/style>\n<div class=\"wp-block-kadence-column kadence-column12_4c8e6b-56 inner-column-1\"><div class=\"kt-inside-inner-col\"><\/div><\/div>\n\n<\/div><\/div>\n\n<style>.kb-row-layout-id12_8b6c91-4a > .kt-row-column-wrap{align-content:start;}:where(.kb-row-layout-id12_8b6c91-4a > .kt-row-column-wrap) > .wp-block-kadence-column{justify-content:start;}.kb-row-layout-id12_8b6c91-4a > .kt-row-column-wrap{column-gap:var(--global-kb-gap-md, 2rem);row-gap:var(--global-kb-gap-md, 2rem);padding-top:var(--global-kb-spacing-sm, 1.5rem);padding-bottom:var(--global-kb-spacing-sm, 1.5rem);}.kb-row-layout-id12_8b6c91-4a > .kt-row-column-wrap > div:not(.added-for-specificity){grid-column:initial;}.kb-row-layout-id12_8b6c91-4a > .kt-row-column-wrap{grid-template-columns:minmax(0, 1fr) minmax(0, 6fr) minmax(0, 1fr);}.kb-row-layout-id12_8b6c91-4a > .kt-row-layout-overlay{opacity:0.30;}@media all and (max-width: 1024px){.kb-row-layout-id12_8b6c91-4a > .kt-row-column-wrap > div:not(.added-for-specificity){grid-column:initial;}}@media all and (max-width: 1024px){.kb-row-layout-id12_8b6c91-4a > .kt-row-column-wrap{grid-template-columns:minmax(0, 1fr) minmax(0, 6fr) minmax(0, 1fr);}}@media all and (max-width: 767px){.kb-row-layout-id12_8b6c91-4a > .kt-row-column-wrap > div:not(.added-for-specificity){grid-column:initial;}.kb-row-layout-id12_8b6c91-4a > .kt-row-column-wrap{grid-template-columns:minmax(0, 1fr);}}<\/style><div class=\"kb-row-layout-wrap kb-row-layout-id12_8b6c91-4a alignnone wp-block-kadence-rowlayout\"><div class=\"kt-row-column-wrap kt-has-3-columns kt-row-layout-center-exwide kt-tab-layout-inherit kt-mobile-layout-row kt-row-valign-top\">\n<style>.kadence-column12_259a6a-3e > .kt-inside-inner-col,.kadence-column12_259a6a-3e > .kt-inside-inner-col:before{border-top-left-radius:0px;border-top-right-radius:0px;border-bottom-right-radius:0px;border-bottom-left-radius:0px;}.kadence-column12_259a6a-3e > .kt-inside-inner-col{column-gap:var(--global-kb-gap-sm, 1rem);}.kadence-column12_259a6a-3e > .kt-inside-inner-col{flex-direction:column;}.kadence-column12_259a6a-3e > .kt-inside-inner-col > .aligncenter{width:100%;}.kadence-column12_259a6a-3e > .kt-inside-inner-col:before{opacity:0.3;}.kadence-column12_259a6a-3e{position:relative;}@media all and (max-width: 1024px){.kadence-column12_259a6a-3e > .kt-inside-inner-col{flex-direction:column;justify-content:center;}}@media all and (max-width: 767px){.kadence-column12_259a6a-3e > .kt-inside-inner-col{flex-direction:column;justify-content:center;}}<\/style>\n<div class=\"wp-block-kadence-column kadence-column12_259a6a-3e\"><div class=\"kt-inside-inner-col\"><\/div><\/div>\n\n\n<style>.kadence-column12_c7a5bb-36 > .kt-inside-inner-col,.kadence-column12_c7a5bb-36 > .kt-inside-inner-col:before{border-top-left-radius:0px;border-top-right-radius:0px;border-bottom-right-radius:0px;border-bottom-left-radius:0px;}.kadence-column12_c7a5bb-36 > .kt-inside-inner-col{column-gap:var(--global-kb-gap-sm, 1rem);}.kadence-column12_c7a5bb-36 > .kt-inside-inner-col{flex-direction:column;}.kadence-column12_c7a5bb-36 > .kt-inside-inner-col > .aligncenter{width:100%;}.kadence-column12_c7a5bb-36 > .kt-inside-inner-col:before{opacity:0.3;}.kadence-column12_c7a5bb-36{position:relative;}@media all and (max-width: 1024px){.kadence-column12_c7a5bb-36 > .kt-inside-inner-col{flex-direction:column;justify-content:center;}}@media all and (max-width: 767px){.kadence-column12_c7a5bb-36 > .kt-inside-inner-col{flex-direction:column;justify-content:center;}}<\/style>\n<div class=\"wp-block-kadence-column kadence-column12_c7a5bb-36\"><div class=\"kt-inside-inner-col\">\n<div class=\"wp-block-group has-white-color has-text-color has-background is-layout-flow wp-block-group-is-layout-flow\" style=\"background-color:#2d4a3e;padding-top:60px;padding-right:30px;padding-bottom:50px;padding-left:30px\">\n<h1 class=\"has-text-align-center wp-block-heading\" style=\"color:#ffffff\">Accommodation in Frederiksv\u00e6rk \u2014 find the right solution for you<\/h1>\n\n\n\n<p class=\"has-text-align-center has-text-color\" style=\"color:#ffffffb3\"><p class=\"has-text-align-center\" style=\"color:#ffffffb3\">Camping, cabins, mobile homes, or hostels \u2014 we have accommodations for every budget and need. All located in the heart of Frederiksv\u00e6rk, surrounded by nature.<\/p><\/p>\n\n\n\n<div class=\"wp-block-buttons is-content-justification-center is-layout-flex wp-container-core-buttons-is-layout-16018d1d wp-block-buttons-is-layout-flex\">\n<div class=\"wp-block-button\"><a class=\"wp-block-button__link has-text-color has-background wp-element-button\" href=\"https:\/\/fredfyldt.sirvoy.me\/\" style=\"color:#1a2e28;background-color:#c8a96e\">See available spots and book<\/a><\/div>\n<\/div>\n<\/div>\n\n\n\n<div style=\"height:40px\" aria-hidden=\"true\" class=\"wp-block-spacer\"><\/div>\n\n\n\n<h2 class=\"wp-block-heading has-text-align-center\">Choose your accommodation<\/h2>\n\n\n\n<p class=\"has-text-align-center\">We offer three types of accommodation\u2014from a simple campsite to a fully equipped mobile home. Choose what suits you best.<\/p>\n\n\n\n<div style=\"height:20px\" aria-hidden=\"true\" class=\"wp-block-spacer\"><\/div>\n\n\n\n<div class=\"wp-block-group has-tertiary-background-color has-background is-layout-flow wp-block-group-is-layout-flow\" style=\"border-radius:12px;padding-top:30px;padding-right:30px;padding-bottom:30px;padding-left:30px\">\n<div class=\"wp-block-columns are-vertically-aligned-center is-layout-flex wp-container-core-columns-is-layout-9d6595d7 wp-block-columns-is-layout-flex\">\n<div class=\"wp-block-column is-vertically-aligned-center is-layout-flow wp-block-column-is-layout-flow\" style=\"flex-basis:60%\">\n<h3 class=\"wp-block-heading\">Camping \u2014 camper van, motorhome, and tent<\/h3>\n\n\n\n<p>100 spacious pitches in the middle of nature with birdsong and deer \u2014 but only 200 m to the supermarket and 300 m to the pedestrian street. Ideal for families, couples, and solo travelers who love freedom and fresh air.<\/p>\n\n\n\n<p>Campsite from <strong>110 kr.\/night<\/strong>. Campervan\/motorhome from <strong>160 kr\/night<\/strong> incl. 2 persons. <strong>Children 0-18 free<\/strong>. All campers receive 1 hour of free canoeing.<\/p>\n\n\n\n<div class=\"wp-block-buttons is-layout-flex wp-block-buttons-is-layout-flex\">\n<div class=\"wp-block-button\"><a class=\"wp-block-button__link wp-element-button\" href=\"\/en\/camping\/\">Read more about camping<\/a><\/div>\n\n\n\n<div class=\"wp-block-button is-style-outline is-style-outline--1\"><a class=\"wp-block-button__link wp-element-button\" href=\"\/en\/pricing\/#camping\">See camping prices<\/a><\/div>\n<\/div>\n<\/div>\n\n\n\n<div class=\"wp-block-column is-vertically-aligned-center is-layout-flow wp-block-column-is-layout-flow\" style=\"flex-basis:40%\">\n<figure class=\"wp-block-image size-medium\"><img data-recalc-dims=\"1\" loading=\"lazy\" decoding=\"async\" width=\"300\" height=\"225\" src=\"https:\/\/i0.wp.com\/fredfyldt.dk\/wp-content\/uploads\/2026\/04\/Autocamper-300x225.jpg?resize=300%2C225&#038;ssl=1\" alt=\"Campervan\" class=\"wp-image-2373\" srcset=\"https:\/\/fredfyldt.dk\/wp-content\/uploads\/2026\/04\/Autocamper.avif 300w, https:\/\/fredfyldt.dk\/wp-content\/uploads\/2026\/04\/Autocamper.avif 1024w, https:\/\/fredfyldt.dk\/wp-content\/uploads\/2026\/04\/Autocamper.avif 768w, https:\/\/fredfyldt.dk\/wp-content\/uploads\/2026\/04\/Autocamper.avif 1536w, https:\/\/fredfyldt.dk\/wp-content\/uploads\/2026\/04\/Autocamper.avif 16w, https:\/\/fredfyldt.dk\/wp-content\/uploads\/2026\/04\/Autocamper.avif 2048w\" sizes=\"auto, (max-width: 300px) 100vw, 300px\" \/><\/figure>\n<\/div>\n<\/div>\n<\/div>\n\n\n\n<div style=\"height:20px\" aria-hidden=\"true\" class=\"wp-block-spacer\"><\/div>\n\n\n\n<div class=\"wp-block-group has-tertiary-background-color has-background is-layout-flow wp-block-group-is-layout-flow\" style=\"border-radius:12px;padding-top:30px;padding-right:30px;padding-bottom:30px;padding-left:30px\">\n<div class=\"wp-block-columns are-vertically-aligned-center is-layout-flex wp-container-core-columns-is-layout-9d6595d7 wp-block-columns-is-layout-flex\">\n<div class=\"wp-block-column is-vertically-aligned-center is-layout-flow wp-block-column-is-layout-flow\" style=\"flex-basis:40%\">\n<figure class=\"wp-block-image size-medium\"><img data-recalc-dims=\"1\" loading=\"lazy\" decoding=\"async\" width=\"300\" height=\"225\" src=\"https:\/\/i0.wp.com\/fredfyldt.dk\/wp-content\/uploads\/2026\/04\/Gemini_Generated_Image_d4q2x9d4q2x9d4q2.png?resize=300%2C225&#038;ssl=1\" alt=\"\" class=\"wp-image-2476\" srcset=\"https:\/\/i0.wp.com\/fredfyldt.dk\/wp-content\/uploads\/2026\/04\/Gemini_Generated_Image_d4q2x9d4q2x9d4q2.png?resize=300%2C225&amp;ssl=1 300w, https:\/\/i0.wp.com\/fredfyldt.dk\/wp-content\/uploads\/2026\/04\/Gemini_Generated_Image_d4q2x9d4q2x9d4q2.png?resize=1024%2C768&amp;ssl=1 1024w, https:\/\/i0.wp.com\/fredfyldt.dk\/wp-content\/uploads\/2026\/04\/Gemini_Generated_Image_d4q2x9d4q2x9d4q2.png?resize=768%2C576&amp;ssl=1 768w, https:\/\/i0.wp.com\/fredfyldt.dk\/wp-content\/uploads\/2026\/04\/Gemini_Generated_Image_d4q2x9d4q2x9d4q2.png?resize=1536%2C1152&amp;ssl=1 1536w, https:\/\/i0.wp.com\/fredfyldt.dk\/wp-content\/uploads\/2026\/04\/Gemini_Generated_Image_d4q2x9d4q2x9d4q2.png?resize=2048%2C1536&amp;ssl=1 2048w, https:\/\/i0.wp.com\/fredfyldt.dk\/wp-content\/uploads\/2026\/04\/Gemini_Generated_Image_d4q2x9d4q2x9d4q2.png?resize=16%2C12&amp;ssl=1 16w\" sizes=\"auto, (max-width: 300px) 100vw, 300px\" \/><\/figure>\n<\/div>\n\n\n\n<div class=\"wp-block-column is-vertically-aligned-center is-layout-flow wp-block-column-is-layout-flow\" style=\"flex-basis:60%\">\n<h3 class=\"wp-block-heading\">Cabins and mobile homes \u2014 comfort in nature<\/h3>\n\n\n\n<p>12 cozy cabins and mobile homes in 4 categories. From simple cabins with shared bathrooms to fully equipped mobile homes with their own kitchen, bathroom, and toilet. Perfect for families, couples, and groups who want a roof over their heads without compromising the nature experience.<\/p>\n\n\n\n<p>Consumption included, free parking and WiFi. Prices vary depending on type and season \u2014 see current availability online.<\/p>\n\n\n\n<div class=\"wp-block-buttons is-layout-flex wp-block-buttons-is-layout-flex\">\n<div class=\"wp-block-button\"><a class=\"wp-block-button__link wp-element-button\" href=\"\/en\/cabins\/\">Read more about cabins \u2192<\/a><\/div>\n\n\n\n<div class=\"wp-block-button is-style-outline is-style-outline--2\"><a class=\"wp-block-button__link wp-element-button\" href=\"https:\/\/fredfyldt.sirvoy.me\/\">See prices and book cabin<\/a><\/div>\n<\/div>\n<\/div>\n<\/div>\n<\/div>\n\n\n\n<div style=\"height:20px\" aria-hidden=\"true\" class=\"wp-block-spacer\"><\/div>\n\n\n\n<div class=\"wp-block-group has-tertiary-background-color has-background is-layout-flow wp-block-group-is-layout-flow\" style=\"border-radius:12px;padding-top:30px;padding-right:30px;padding-bottom:30px;padding-left:30px\">\n<div class=\"wp-block-columns are-vertically-aligned-center is-layout-flex wp-container-core-columns-is-layout-9d6595d7 wp-block-columns-is-layout-flex\">\n<div class=\"wp-block-column is-vertically-aligned-center is-layout-flow wp-block-column-is-layout-flow\" style=\"flex-basis:60%\">\n<h3 class=\"wp-block-heading\">Hostel \u2014 affordable accommodation in cozy surroundings<\/h3>\n\n\n\n<p>30 charming rooms suitable for families, couples, solo travelers, and groups. Clean and well-maintained with duvets and pillows included. Access to a shared kitchen, lounge, and courtyard. Ideal for tourists, tradespeople, school trips, and associations.<\/p>\n\n\n\n<p>Bring your own sheets\/towels or rent a linen package. Prices vary\u2014see current availability online.<\/p>\n\n\n\n<div class=\"wp-block-buttons is-layout-flex wp-block-buttons-is-layout-flex\">\n<div class=\"wp-block-button\"><a class=\"wp-block-button__link wp-element-button\" href=\"\/en\/hostel-hostels\/\">Read more about the hostel \u2192<\/a><\/div>\n\n\n\n<div class=\"wp-block-button is-style-outline is-style-outline--3\"><a class=\"wp-block-button__link wp-element-button\" href=\"https:\/\/fredfyldt.sirvoy.me\/\">See prices and book room<\/a><\/div>\n<\/div>\n<\/div>\n\n\n\n<div class=\"wp-block-column is-vertically-aligned-center is-layout-flow wp-block-column-is-layout-flow\" style=\"flex-basis:40%\">\n<figure class=\"wp-block-image size-medium\"><img data-recalc-dims=\"1\" loading=\"lazy\" decoding=\"async\" width=\"300\" height=\"200\" src=\"https:\/\/i0.wp.com\/fredfyldt.dk\/wp-content\/uploads\/2021\/08\/4.jpg?resize=300%2C200&#038;ssl=1\" alt=\"4\" class=\"wp-image-1863\" srcset=\"https:\/\/i0.wp.com\/fredfyldt.dk\/wp-content\/uploads\/2021\/08\/4.jpg?resize=300%2C200&amp;ssl=1 300w, https:\/\/i0.wp.com\/fredfyldt.dk\/wp-content\/uploads\/2021\/08\/4.jpg?resize=1024%2C683&amp;ssl=1 1024w, https:\/\/i0.wp.com\/fredfyldt.dk\/wp-content\/uploads\/2021\/08\/4.jpg?resize=768%2C512&amp;ssl=1 768w, https:\/\/i0.wp.com\/fredfyldt.dk\/wp-content\/uploads\/2021\/08\/4.jpg?resize=18%2C12&amp;ssl=1 18w, https:\/\/i0.wp.com\/fredfyldt.dk\/wp-content\/uploads\/2021\/08\/4.jpg?w=1280&amp;ssl=1 1280w\" sizes=\"auto, (max-width: 300px) 100vw, 300px\" \/><\/figure>\n<\/div>\n<\/div>\n<\/div>\n\n\n\n<div style=\"height:40px\" aria-hidden=\"true\" class=\"wp-block-spacer\"><\/div>\n\n\n\n<h2 class=\"wp-block-heading has-text-align-center\">What suits you?<\/h2>\n\n\n\n<figure class=\"wp-block-table is-style-stripes\"><table><thead><tr><th><\/th><th>Camping<\/th><th>Cabins<\/th><th>Cozy<\/th><\/tr><\/thead><tbody><tr><td><strong>Price from<\/strong><\/td><td>110 kr.\/night<\/td><td>If Sirvoy<\/td><td>If Sirvoy<\/td><\/tr><tr><td><strong>Private bath\/toilet<\/strong><\/td><td>Common<\/td><td>More with their own<\/td><td>More with their own<\/td><\/tr><tr><td><strong>Kitchen<\/strong><\/td><td>Common<\/td><td>More with their own<\/td><td>Common<\/td><\/tr><tr><td><strong>Bed linen<\/strong><\/td><td>Bring your own<\/td><td>Bring your own<\/td><td>Bring your own<\/td><\/tr><tr><td><strong>Children free<\/strong><\/td><td>Yes (0-18 years)<\/td><td>Yes<\/td><td>Yes<\/td><\/tr><tr><td><strong>Free canoe<\/strong><\/td><td>Yes (1 time)<\/td><td>No<\/td><td>No<\/td><\/tr><tr><td><strong>WiFi + parking<\/strong><\/td><td>Free<\/td><td>Free<\/td><td>Free<\/td><\/tr><tr><td><strong>Pets<\/strong><\/td><td>Yes<\/td><td>Yes<\/td><td>Most rooms<\/td><\/tr><tr><td><strong>Best for<\/strong><\/td><td>Family, freedom, budget<\/td><td>Comfort, pairs, groups<\/td><td>Solo, artisans, groups<\/td><\/tr><\/tbody><\/table><\/figure>\n\n\n\n<hr class=\"wp-block-separator has-alpha-channel-opacity is-style-wide\"\/>\n\n\n\n<h2 class=\"wp-block-heading\">Groups, camps, and events<\/h2>\n\n\n\n<p>Planning an overnight stay for a larger group? We have extensive experience with school camps, associations, company outings, family reunions, and parties. We can combine camping, cabins, and hostel rooms to provide your group with precisely the solution you need \u2013 and we offer full catering by arrangement.<\/p>\n\n\n\n<div class=\"wp-block-columns is-layout-flex wp-container-core-columns-is-layout-79d3ab02 wp-block-columns-is-layout-flex\">\n<div class=\"wp-block-column is-layout-flow wp-block-column-is-layout-flow\">\n<div class=\"wp-block-group has-border-color is-layout-flow wp-block-group-is-layout-flow\" style=\"border-color:#e0e0e0;border-width:1px;border-radius:12px;padding-top:20px;padding-right:20px;padding-bottom:20px;padding-left:20px\">\n<h3 class=\"wp-block-heading\">Party venues<\/h3>\n\n\n\n<p>Event venue for up to 75 guests with overnight accommodation. No corkage fee. From DKK 6,500.<\/p>\n\n\n\n<p><a href=\"\/en\/party-venue-in-frederiksvaerk\/\">Read more \u2192<\/a><\/p>\n<\/div>\n<\/div>\n\n\n\n<div class=\"wp-block-column is-layout-flow wp-block-column-is-layout-flow\">\n<div class=\"wp-block-group has-border-color is-layout-flow wp-block-group-is-layout-flow\" style=\"border-color:#e0e0e0;border-width:1px;border-radius:12px;padding-top:20px;padding-right:20px;padding-bottom:20px;padding-left:20px\">\n<h3 class=\"wp-block-heading\">School camp<\/h3>\n\n\n\n<p>Nature, canoeing trips, and community. Close to the city and train station. Full catering possible.<\/p>\n\n\n\n<p><a href=\"\/en\/camp-school-colony\/\">Read more \u2192<\/a><\/p>\n<\/div>\n<\/div>\n\n\n\n<div class=\"wp-block-column is-layout-flow wp-block-column-is-layout-flow\">\n<div class=\"wp-block-group has-border-color is-layout-flow wp-block-group-is-layout-flow\" style=\"border-color:#e0e0e0;border-width:1px;border-radius:12px;padding-top:20px;padding-right:20px;padding-bottom:20px;padding-left:20px\">\n<h3 class=\"wp-block-heading\">Company or meeting<\/h3>\n\n\n\n<p>Courses, team building, family reunions, and associations. Flexible solutions.<\/p>\n\n\n\n<p><a href=\"\/en\/corporate-accommodation-frederiksvaerk-nordsjaelland\/\">Company<\/a> \u00b7 <a href=\"\/en\/traef-frederiksvaerk-sjaelland-klub-erhvervf-family\/\">Meet<\/a><\/p>\n<\/div>\n<\/div>\n<\/div>\n\n\n\n<hr class=\"wp-block-separator has-alpha-channel-opacity is-style-wide\"\/>\n\n\n\n<h2 class=\"wp-block-heading\">Location \u2014 everything within walking distance<\/h2>\n\n\n\n<div class=\"wp-block-columns is-layout-flex wp-container-core-columns-is-layout-9d6595d7 wp-block-columns-is-layout-flex\">\n<div class=\"wp-block-column is-layout-flow wp-block-column-is-layout-flow\">\n<p>Frederiksv\u00e6rk Camping og Vandrehjem is located at Strandgade 30, in the center of Frederiksv\u00e6rk in Halsn\u00e6s Municipality. Here you are 300 m from the pedestrian street, 650 m from the train station, and 200 m from the nearest supermarket. The historic Frederiksv\u00e6rk Canal runs through our backyard with direct access to canoeing towards Arres\u00f8 and Roskilde Fjord.<\/p>\n<\/div>\n\n\n\n<div class=\"wp-block-column is-layout-flow wp-block-column-is-layout-flow\">\n<p>In the immediate vicinity, you'll find Liseleje Beach (6 km), Frederiksborg Castle (20 min), Louisiana Museum (35 min), and the King's North Zealand National Park. Copenhagen is just 45 km to the south. No matter which accommodation you choose, you're always close to everything.<\/p>\n<\/div>\n<\/div>\n\n\n\n<div style=\"height:40px\" aria-hidden=\"true\" class=\"wp-block-spacer\"><\/div>\n\n\n\n<div class=\"wp-block-group has-tertiary-background-color has-background is-layout-flow wp-block-group-is-layout-flow\" style=\"border-radius:12px;padding-top:30px;padding-right:30px;padding-bottom:30px;padding-left:30px\">\n<h2 class=\"wp-block-heading\">Included regardless of accommodation type<\/h2>\n\n\n\n<div class=\"wp-block-columns is-layout-flex wp-container-core-columns-is-layout-9d6595d7 wp-block-columns-is-layout-flex\">\n<div class=\"wp-block-column is-layout-flow wp-block-column-is-layout-flow\">\n<p><strong>Free WiFi<\/strong> all over the area<br><strong>Free parking<\/strong> at the square as well as the hostel<br><strong>Communal kitchen<\/strong> with stove, refrigerator, and dishes<br><strong>Bathroom<\/strong> with warm water<\/p>\n<\/div>\n\n\n\n<div class=\"wp-block-column is-layout-flow wp-block-column-is-layout-flow\">\n<p><strong>Courtyard<\/strong> with tables, benches, and a barbecue area<br><strong>Playground<\/strong> old tennis court<br><strong>Laundry room<\/strong> (subject to payment)<br><strong>24\/7 check-in<\/strong> by phone: +45 23 44 88 44<\/p>\n<\/div>\n<\/div>\n<\/div>\n\n\n\n<div style=\"height:40px\" aria-hidden=\"true\" class=\"wp-block-spacer\"><\/div>\n\n\n\n<div class=\"wp-block-group has-white-color has-text-color has-background is-layout-flow wp-block-group-is-layout-flow\" style=\"border-radius:12px;background-color:#2d4a3e;padding-top:50px;padding-right:30px;padding-bottom:50px;padding-left:30px\">\n<h2 class=\"has-text-align-center wp-block-heading\" style=\"color:#ffffff\">Book your overnight stay in Frederiksv\u00e6rk<\/h2>\n\n\n\n<p class=\"has-text-align-center has-text-color\" style=\"color:#ffffffb3\"><p class=\"has-text-align-center\" style=\"color:#ffffffb3\">Campsites require no reservation \u2013 just drive in. Cabins and hostels can be booked online.<\/p><\/p>\n\n\n\n<div class=\"wp-block-buttons is-content-justification-center is-layout-flex wp-container-core-buttons-is-layout-16018d1d wp-block-buttons-is-layout-flex\">\n<div class=\"wp-block-button\"><a class=\"wp-block-button__link has-text-color has-background wp-element-button\" href=\"https:\/\/fredfyldt.sirvoy.me\/\" style=\"color:#1a2e28;background-color:#c8a96e\">Book online<\/a><\/div>\n\n\n\n<div class=\"wp-block-button is-style-outline is-style-outline--4\"><a class=\"wp-block-button__link has-text-color wp-element-button\" href=\"\/en\/pricing\/\" style=\"color:#ffffff\">All prices<\/a><\/div>\n\n\n\n<div class=\"wp-block-button is-style-outline is-style-outline--5\"><a class=\"wp-block-button__link has-text-color wp-element-button\" href=\"tel:+4523448844\" style=\"color:#ffffff\">Ring: 23 44 88 44<\/a><\/div>\n<\/div>\n\n\n\n<p class=\"has-text-align-center has-text-color\" style=\"color:#ffffff55;font-size:13px\"><p class=\"has-text-align-center\" style=\"color:#ffffff55;font-size:13px\">Strandgade 30, 3300 Frederiksv\u00e6rk \u00b7 post@fredfyldt.dk<\/p><\/p>\n<\/div>\n<\/div><\/div>\n\n\n<style>.kadence-column12_5d1457-59 > .kt-inside-inner-col,.kadence-column12_5d1457-59 > .kt-inside-inner-col:before{border-top-left-radius:0px;border-top-right-radius:0px;border-bottom-right-radius:0px;border-bottom-left-radius:0px;}.kadence-column12_5d1457-59 > .kt-inside-inner-col{column-gap:var(--global-kb-gap-sm, 1rem);}.kadence-column12_5d1457-59 > .kt-inside-inner-col{flex-direction:column;}.kadence-column12_5d1457-59 > .kt-inside-inner-col > .aligncenter{width:100%;}.kadence-column12_5d1457-59 > .kt-inside-inner-col:before{opacity:0.3;}.kadence-column12_5d1457-59{position:relative;}@media all and (max-width: 1024px){.kadence-column12_5d1457-59 > .kt-inside-inner-col{flex-direction:column;justify-content:center;}}@media all and (max-width: 767px){.kadence-column12_5d1457-59 > .kt-inside-inner-col{flex-direction:column;justify-content:center;}}<\/style>\n<div class=\"wp-block-kadence-column kadence-column12_5d1457-59\"><div class=\"kt-inside-inner-col\"><\/div><\/div>\n\n<\/div><\/div>","protected":false},"excerpt":{"rendered":"<p>Overnatning i Frederiksv\u00e6rk \u2014 find den rigtige l\u00f8sning for dig Camping, hytter, mobile homes eller vandrehjem \u2014 vi har overnatningsmuligheder til alle budgetter og behov. Alt sammen midt i Frederiksv\u00e6rk by, omgivet af natur. V\u00e6lg din overnatning Vi tilbyder tre typer overnatning \u2014 fra en simpel teltplads til et fuldt udstyret mobile home. V\u00e6lg det&#8230;<\/p>","protected":false},"author":1,"featured_media":2414,"parent":0,"menu_order":0,"comment_status":"closed","ping_status":"closed","template":"","meta":{"_kb_optimizer_status":2,"_kadence_starter_templates_imported_post":true,"_kad_post_transparent":"","_kad_post_title":"hide","_kad_post_layout":"fullwidth","_kad_post_sidebar_id":"","_kad_post_content_style":"unboxed","_kad_post_vertical_padding":"hide","_kad_post_feature":"hide","_kad_post_feature_position":"","_kad_post_header":false,"_kad_post_footer":false,"_kad_post_classname":"","slim_seo":{"title":"Accommodation Frederiksv\u00e6rk - All Types | Peaceful","description":"Choose between hostel, camping, or cabin in the heart of Halsn\u00e6s. Perfect for holidays, groups, and businesses. See all options and book today.","facebook_image":"https:\/\/fredfyldt.dk\/wp-content\/uploads\/2022\/01\/79-scaled.jpg"},"footnotes":""},"class_list":["post-12","page","type-page","status-publish","has-post-thumbnail","hentry"],"jetpack_sharing_enabled":true,"_links":{"self":[{"href":"https:\/\/fredfyldt.dk\/en\/wp-json\/wp\/v2\/pages\/12","targetHints":{"allow":["GET"]}}],"collection":[{"href":"https:\/\/fredfyldt.dk\/en\/wp-json\/wp\/v2\/pages"}],"about":[{"href":"https:\/\/fredfyldt.dk\/en\/wp-json\/wp\/v2\/types\/page"}],"author":[{"embeddable":true,"href":"https:\/\/fredfyldt.dk\/en\/wp-json\/wp\/v2\/users\/1"}],"replies":[{"embeddable":true,"href":"https:\/\/fredfyldt.dk\/en\/wp-json\/wp\/v2\/comments?post=12"}],"version-history":[{"count":15,"href":"https:\/\/fredfyldt.dk\/en\/wp-json\/wp\/v2\/pages\/12\/revisions"}],"predecessor-version":[{"id":2478,"href":"https:\/\/fredfyldt.dk\/en\/wp-json\/wp\/v2\/pages\/12\/revisions\/2478"}],"wp:featuredmedia":[{"embeddable":true,"href":"https:\/\/fredfyldt.dk\/en\/wp-json\/wp\/v2\/media\/2414"}],"wp:attachment":[{"href":"https:\/\/fredfyldt.dk\/en\/wp-json\/wp\/v2\/media?parent=12"}],"curies":[{"name":"wp","href":"https:\/\/api.w.org\/{rel}","templated":true}]}}