{"id":1964,"date":"2024-04-01T17:33:41","date_gmt":"2024-04-01T15:33:41","guid":{"rendered":"https:\/\/fredfyldt.dk\/?page_id=1964"},"modified":"2026-03-29T15:03:52","modified_gmt":"2026-03-29T13:03:52","slug":"reservation","status":"publish","type":"page","link":"https:\/\/fredfyldt.dk\/fr\/reservation\/","title":{"rendered":"R\u00e9servation"},"content":{"rendered":"<style>.kb-row-layout-wrap.wp-block-kadence-rowlayout.kb-row-layout-id1964_b23272-60{margin-bottom:0px;}.kb-row-layout-id1964_b23272-60 > .kt-row-column-wrap{align-content:start;}:where(.kb-row-layout-id1964_b23272-60 > .kt-row-column-wrap) > .wp-block-kadence-column{justify-content:start;}.kb-row-layout-id1964_b23272-60 > .kt-row-column-wrap{column-gap:var(--global-kb-gap-md, 2rem);row-gap:var(--global-kb-gap-md, 2rem);max-width:var( --global-content-width, 1290px );padding-left:var(--global-content-edge-padding);padding-right:var(--global-content-edge-padding);padding-top:100px;padding-bottom:80px;grid-template-columns:minmax(0, 1fr);}.kb-row-layout-id1964_b23272-60{background-image:url('https:\/\/fredfyldt.dk\/wp-content\/uploads\/2022\/01\/248-scaled.jpg');background-size:cover;background-position:50% 37%;background-attachment:scroll;background-repeat:no-repeat;}.kb-row-layout-id1964_b23272-60 > .kt-row-layout-overlay{opacity:0.60;background-color:var(--global-palette3, #1A202C);}@media all and (max-width: 1024px){.kb-row-layout-id1964_b23272-60 > .kt-row-column-wrap{grid-template-columns:minmax(0, 1fr);}}@media all and (max-width: 767px){.kb-row-layout-id1964_b23272-60 > .kt-row-column-wrap{grid-template-columns:minmax(0, 1fr);}}<\/style><div class=\"kb-row-layout-wrap kb-row-layout-id1964_b23272-60 aligncenter kt-row-has-bg wp-block-kadence-rowlayout\"><div class=\"kt-row-layout-overlay kt-row-overlay-normal\"><\/div><div class=\"kt-row-column-wrap kt-has-1-columns kt-row-layout-equal kt-tab-layout-inherit kt-mobile-layout-row kt-row-valign-top kb-theme-content-width\">\n<style>.kadence-column1964_11af84-00 > .kt-inside-inner-col,.kadence-column1964_11af84-00 > .kt-inside-inner-col:before{border-top-left-radius:0px;border-top-right-radius:0px;border-bottom-right-radius:0px;border-bottom-left-radius:0px;}.kadence-column1964_11af84-00 > .kt-inside-inner-col{column-gap:var(--global-kb-gap-sm, 1rem);}.kadence-column1964_11af84-00 > .kt-inside-inner-col{flex-direction:column;}.kadence-column1964_11af84-00 > .kt-inside-inner-col > .aligncenter{width:100%;}.kadence-column1964_11af84-00 > .kt-inside-inner-col:before{opacity:0.3;}.kadence-column1964_11af84-00{position:relative;}@media all and (max-width: 1024px){.kadence-column1964_11af84-00 > .kt-inside-inner-col{flex-direction:column;justify-content:center;}}@media all and (max-width: 767px){.kadence-column1964_11af84-00 > .kt-inside-inner-col{flex-direction:column;justify-content:center;}}<\/style>\n<div class=\"wp-block-kadence-column kadence-column1964_11af84-00 inner-column-1\"><div class=\"kt-inside-inner-col\"><style>.wp-block-kadence-advancedheading.kt-adv-heading1964_4b0b18-60, .wp-block-kadence-advancedheading.kt-adv-heading1964_4b0b18-60[data-kb-block=\"kb-adv-heading1964_4b0b18-60\"]{text-align:center;font-style:normal;}.wp-block-kadence-advancedheading.kt-adv-heading1964_4b0b18-60 mark.kt-highlight, .wp-block-kadence-advancedheading.kt-adv-heading1964_4b0b18-60[data-kb-block=\"kb-adv-heading1964_4b0b18-60\"] mark.kt-highlight{font-style:normal;color:#f76a0c;-webkit-box-decoration-break:clone;box-decoration-break:clone;padding-top:0px;padding-right:0px;padding-bottom:0px;padding-left:0px;}.wp-block-kadence-advancedheading.kt-adv-heading1964_4b0b18-60 img.kb-inline-image, .wp-block-kadence-advancedheading.kt-adv-heading1964_4b0b18-60[data-kb-block=\"kb-adv-heading1964_4b0b18-60\"] img.kb-inline-image{width:150px;vertical-align:baseline;}@media all and (max-width: 767px){.wp-block-kadence-advancedheading.kt-adv-heading1964_4b0b18-60, .wp-block-kadence-advancedheading.kt-adv-heading1964_4b0b18-60[data-kb-block=\"kb-adv-heading1964_4b0b18-60\"]{font-size:42px;}}<\/style>\n<h1 class=\"kt-adv-heading1964_4b0b18-60 wp-block-kadence-advancedheading has-theme-palette-9-color has-text-color\" data-kb-block=\"kb-adv-heading1964_4b0b18-60\">Din reservation<\/h1>\n<\/div><\/div>\n\n<\/div><\/div>\n\n<style>.kb-row-layout-id1964_2d9745-f3 > .kt-row-column-wrap{align-content:start;}:where(.kb-row-layout-id1964_2d9745-f3 > .kt-row-column-wrap) > .wp-block-kadence-column{justify-content:start;}.kb-row-layout-id1964_2d9745-f3 > .kt-row-column-wrap{column-gap:var(--global-kb-gap-md, 2rem);row-gap:var(--global-kb-gap-md, 2rem);padding-top:var(--global-kb-spacing-sm, 1.5rem);padding-bottom:var(--global-kb-spacing-sm, 1.5rem);grid-template-columns:minmax(0, 1fr);}.kb-row-layout-id1964_2d9745-f3 > .kt-row-layout-overlay{opacity:0.30;}@media all and (max-width: 1024px){.kb-row-layout-id1964_2d9745-f3 > .kt-row-column-wrap{grid-template-columns:minmax(0, 1fr);}}@media all and (max-width: 767px){.kb-row-layout-id1964_2d9745-f3 > .kt-row-column-wrap{grid-template-columns:minmax(0, 1fr);}}<\/style><div class=\"kb-row-layout-wrap kb-row-layout-id1964_2d9745-f3 alignnone has-theme-palette8-background-color kt-row-has-bg wp-block-kadence-rowlayout\"><div class=\"kt-row-column-wrap kt-has-1-columns kt-row-layout-equal kt-tab-layout-inherit kt-mobile-layout-row kt-row-valign-top\">\n<style>.kadence-column1964_c8f148-7e > .kt-inside-inner-col,.kadence-column1964_c8f148-7e > .kt-inside-inner-col:before{border-top-left-radius:0px;border-top-right-radius:0px;border-bottom-right-radius:0px;border-bottom-left-radius:0px;}.kadence-column1964_c8f148-7e > .kt-inside-inner-col{column-gap:var(--global-kb-gap-sm, 1rem);}.kadence-column1964_c8f148-7e > .kt-inside-inner-col{flex-direction:column;}.kadence-column1964_c8f148-7e > .kt-inside-inner-col > .aligncenter{width:100%;}.kadence-column1964_c8f148-7e > .kt-inside-inner-col:before{opacity:0.3;}.kadence-column1964_c8f148-7e{position:relative;}@media all and (max-width: 1024px){.kadence-column1964_c8f148-7e > .kt-inside-inner-col{flex-direction:column;justify-content:center;}}@media all and (max-width: 767px){.kadence-column1964_c8f148-7e > .kt-inside-inner-col{flex-direction:column;justify-content:center;}}<\/style>\n<div class=\"wp-block-kadence-column kadence-column1964_c8f148-7e\"><div class=\"kt-inside-inner-col\"><style>.wp-block-kadence-advancedheading.kt-adv-heading1964_6da786-3e, .wp-block-kadence-advancedheading.kt-adv-heading1964_6da786-3e[data-kb-block=\"kb-adv-heading1964_6da786-3e\"]{text-align:center;font-style:normal;}.wp-block-kadence-advancedheading.kt-adv-heading1964_6da786-3e mark.kt-highlight, .wp-block-kadence-advancedheading.kt-adv-heading1964_6da786-3e[data-kb-block=\"kb-adv-heading1964_6da786-3e\"] mark.kt-highlight{font-style:normal;color:#f76a0c;-webkit-box-decoration-break:clone;box-decoration-break:clone;padding-top:0px;padding-right:0px;padding-bottom:0px;padding-left:0px;}.wp-block-kadence-advancedheading.kt-adv-heading1964_6da786-3e img.kb-inline-image, .wp-block-kadence-advancedheading.kt-adv-heading1964_6da786-3e[data-kb-block=\"kb-adv-heading1964_6da786-3e\"] img.kb-inline-image{width:150px;vertical-align:baseline;}<\/style>\n<h3 class=\"kt-adv-heading1964_6da786-3e wp-block-kadence-advancedheading\" data-kb-block=\"kb-adv-heading1964_6da786-3e\">Gennemg\u00e5 din reservation med denne formular:<\/h3>\n<\/div><\/div>\n\n\n<style>.kadence-column1964_14d710-09 > .kt-inside-inner-col,.kadence-column1964_14d710-09 > .kt-inside-inner-col:before{border-top-left-radius:0px;border-top-right-radius:0px;border-bottom-right-radius:0px;border-bottom-left-radius:0px;}.kadence-column1964_14d710-09 > .kt-inside-inner-col{column-gap:var(--global-kb-gap-sm, 1rem);}.kadence-column1964_14d710-09 > .kt-inside-inner-col{flex-direction:column;}.kadence-column1964_14d710-09 > .kt-inside-inner-col > .aligncenter{width:100%;}.kadence-column1964_14d710-09 > .kt-inside-inner-col:before{opacity:0.3;}.kadence-column1964_14d710-09{position:relative;}@media all and (max-width: 1024px){.kadence-column1964_14d710-09 > .kt-inside-inner-col{flex-direction:column;justify-content:center;}}@media all and (max-width: 767px){.kadence-column1964_14d710-09 > .kt-inside-inner-col{flex-direction:column;justify-content:center;}}<\/style>\n<div class=\"wp-block-kadence-column kadence-column1964_14d710-09\"><div class=\"kt-inside-inner-col\">\n<script async src=\"https:\/\/secured.sirvoy.com\/widget\/sirvoy.js\" data-form-id=\"96014d5430512be3\" data-widget=\"review\" data-wp-plugin-version=\"5.1\"><\/script>\n<\/div><\/div>\n\n<\/div><\/div>\n\n<style>.kb-row-layout-wrap.wp-block-kadence-rowlayout.kb-row-layout-id1964_f3ae7c-8b{margin-top:0px;}.kb-row-layout-id1964_f3ae7c-8b > .kt-row-column-wrap{align-content:start;}:where(.kb-row-layout-id1964_f3ae7c-8b > .kt-row-column-wrap) > .wp-block-kadence-column{justify-content:start;}.kb-row-layout-id1964_f3ae7c-8b > .kt-row-column-wrap{column-gap:var(--global-kb-gap-lg, 4rem);row-gap:var(--global-kb-gap-md, 2rem);max-width:var( --global-content-width, 1290px );padding-left:var(--global-content-edge-padding);padding-right:var(--global-content-edge-padding);padding-top:15px;padding-bottom:20px;grid-template-columns:minmax(0, calc(54% - ((var(--global-kb-gap-lg, 4rem) * 1 )\/2)))minmax(0, calc(46% - ((var(--global-kb-gap-lg, 4rem) * 1 )\/2)));}.kb-row-layout-id1964_f3ae7c-8b > .kt-row-layout-overlay{opacity:0.85;background-image:url('https:\/\/fredfyldt.dk\/wp-content\/uploads\/2021\/09\/texture.png');background-size:contain;background-position:center center;background-attachment:scroll;background-repeat:repeat;mix-blend-mode:overlay;}@media all and (max-width: 1024px){.kb-row-layout-id1964_f3ae7c-8b > .kt-row-column-wrap{grid-template-columns:repeat(2, minmax(0, 1fr));}}@media all and (max-width: 767px){.kb-row-layout-id1964_f3ae7c-8b > .kt-row-column-wrap{grid-template-columns:minmax(0, 1fr);}}<\/style><div class=\"kb-row-layout-wrap kb-row-layout-id1964_f3ae7c-8b alignnone has-theme-palette8-background-color kt-row-has-bg wp-block-kadence-rowlayout\"><div class=\"kt-row-layout-overlay kt-row-overlay-normal\"><\/div><div class=\"kt-row-column-wrap kt-has-2-columns kt-row-layout-equal kt-tab-layout-inherit kt-mobile-layout-row kt-row-valign-top kb-theme-content-width\">\n<style>.kadence-column1964_b16447-7d > .kt-inside-inner-col,.kadence-column1964_b16447-7d > .kt-inside-inner-col:before{border-top-left-radius:0px;border-top-right-radius:0px;border-bottom-right-radius:0px;border-bottom-left-radius:0px;}.kadence-column1964_b16447-7d > .kt-inside-inner-col{column-gap:var(--global-kb-gap-sm, 1rem);}.kadence-column1964_b16447-7d > .kt-inside-inner-col{flex-direction:column;}.kadence-column1964_b16447-7d > .kt-inside-inner-col > .aligncenter{width:100%;}.kadence-column1964_b16447-7d > .kt-inside-inner-col:before{opacity:0.3;}.kadence-column1964_b16447-7d{position:relative;}@media all and (max-width: 1024px){.kadence-column1964_b16447-7d > .kt-inside-inner-col{flex-direction:column;justify-content:center;}}@media all and (max-width: 767px){.kadence-column1964_b16447-7d > .kt-inside-inner-col{flex-direction:column;justify-content:center;}}<\/style>\n<div class=\"wp-block-kadence-column kadence-column1964_b16447-7d inner-column-1\"><div class=\"kt-inside-inner-col\"><style>.wp-block-kadence-advancedheading.kt-adv-heading1964_8adfba-6e, .wp-block-kadence-advancedheading.kt-adv-heading1964_8adfba-6e[data-kb-block=\"kb-adv-heading1964_8adfba-6e\"]{font-style:normal;}.wp-block-kadence-advancedheading.kt-adv-heading1964_8adfba-6e mark.kt-highlight, .wp-block-kadence-advancedheading.kt-adv-heading1964_8adfba-6e[data-kb-block=\"kb-adv-heading1964_8adfba-6e\"] mark.kt-highlight{font-style:normal;color:#f76a0c;-webkit-box-decoration-break:clone;box-decoration-break:clone;padding-top:0px;padding-right:0px;padding-bottom:0px;padding-left:0px;}.wp-block-kadence-advancedheading.kt-adv-heading1964_8adfba-6e img.kb-inline-image, .wp-block-kadence-advancedheading.kt-adv-heading1964_8adfba-6e[data-kb-block=\"kb-adv-heading1964_8adfba-6e\"] img.kb-inline-image{width:150px;vertical-align:baseline;}<\/style>\n<h2 class=\"kt-adv-heading1964_8adfba-6e wp-block-kadence-advancedheading has-theme-palette-4-color has-text-color\" data-kb-block=\"kb-adv-heading1964_8adfba-6e\">Har du et sp\u00f8rgsm\u00e5l omkring din reservation?<\/h2>\n\n\n\n<p>Brug vores kontakt formular \u2192<\/p>\n\n\n<style>.kb-row-layout-id1964_9a33b6-61 > .kt-row-column-wrap{align-content:start;}:where(.kb-row-layout-id1964_9a33b6-61 > .kt-row-column-wrap) > .wp-block-kadence-column{justify-content:start;}.kb-row-layout-id1964_9a33b6-61 > .kt-row-column-wrap{column-gap:var(--global-kb-gap-lg, 4rem);row-gap:var(--global-kb-gap-md, 2rem);padding-top:var(--global-kb-spacing-sm, 1.5rem);padding-bottom:var(--global-kb-spacing-sm, 1.5rem);grid-template-columns:repeat(2, minmax(0, 1fr));}.kb-row-layout-id1964_9a33b6-61 > .kt-row-layout-overlay{opacity:0.30;}@media all and (max-width: 1024px){.kb-row-layout-id1964_9a33b6-61 > .kt-row-column-wrap{grid-template-columns:repeat(2, minmax(0, 1fr));}}@media all and (max-width: 767px){.kb-row-layout-id1964_9a33b6-61 > .kt-row-column-wrap{grid-template-columns:minmax(0, 1fr);}}.kb-row-layout-id1964_9a33b6-61 .grid-icon { n  display: contents; n}<\/style><div class=\"kb-row-layout-wrap kb-row-layout-id1964_9a33b6-61 alignnone wp-block-kadence-rowlayout\"><div class=\"kt-row-column-wrap kt-has-2-columns kt-row-layout-equal kt-tab-layout-inherit kt-mobile-layout-row kt-row-valign-top\">\n<style>.kadence-column1964_efa921-33 > .kt-inside-inner-col,.kadence-column1964_efa921-33 > .kt-inside-inner-col:before{border-top-left-radius:0px;border-top-right-radius:0px;border-bottom-right-radius:0px;border-bottom-left-radius:0px;}.kadence-column1964_efa921-33 > .kt-inside-inner-col{column-gap:var(--global-kb-gap-sm, 1rem);}.kadence-column1964_efa921-33 > .kt-inside-inner-col{flex-direction:column;}.kadence-column1964_efa921-33 > .kt-inside-inner-col > .aligncenter{width:100%;}.kadence-column1964_efa921-33 > .kt-inside-inner-col:before{opacity:0.3;}.kadence-column1964_efa921-33{position:relative;}@media all and (max-width: 1024px){.kadence-column1964_efa921-33 > .kt-inside-inner-col{flex-direction:column;justify-content:center;}}@media all and (max-width: 767px){.kadence-column1964_efa921-33 > .kt-inside-inner-col{flex-direction:column;justify-content:center;}}<\/style>\n<div class=\"wp-block-kadence-column kadence-column1964_efa921-33\"><div class=\"kt-inside-inner-col\"><\/div><\/div>\n\n\n<style>.kadence-column1964_f63f34-1b > .kt-inside-inner-col,.kadence-column1964_f63f34-1b > .kt-inside-inner-col:before{border-top-left-radius:0px;border-top-right-radius:0px;border-bottom-right-radius:0px;border-bottom-left-radius:0px;}.kadence-column1964_f63f34-1b > .kt-inside-inner-col{column-gap:var(--global-kb-gap-sm, 1rem);}.kadence-column1964_f63f34-1b > .kt-inside-inner-col{flex-direction:column;}.kadence-column1964_f63f34-1b > .kt-inside-inner-col > .aligncenter{width:100%;}.kadence-column1964_f63f34-1b > .kt-inside-inner-col:before{opacity:0.3;}.kadence-column1964_f63f34-1b{position:relative;}@media all and (max-width: 1024px){.kadence-column1964_f63f34-1b > .kt-inside-inner-col{flex-direction:column;justify-content:center;}}@media all and (max-width: 767px){.kadence-column1964_f63f34-1b > .kt-inside-inner-col{flex-direction:column;justify-content:center;}}<\/style>\n<div class=\"wp-block-kadence-column kadence-column1964_f63f34-1b\"><div class=\"kt-inside-inner-col\"><\/div><\/div>\n\n<\/div><\/div><\/div><\/div>\n\n\n<style>.kadence-column1964_e6c8c4-93 > .kt-inside-inner-col{padding-top:60px;padding-right:60px;padding-bottom:60px;padding-left:60px;}.kadence-column1964_e6c8c4-93 > .kt-inside-inner-col,.kadence-column1964_e6c8c4-93 > .kt-inside-inner-col:before{border-top-left-radius:7px;border-top-right-radius:7px;border-bottom-right-radius:7px;border-bottom-left-radius:7px;}.kadence-column1964_e6c8c4-93 > .kt-inside-inner-col{column-gap:var(--global-kb-gap-sm, 1rem);}.kadence-column1964_e6c8c4-93 > .kt-inside-inner-col{flex-direction:column;}.kadence-column1964_e6c8c4-93 > .kt-inside-inner-col > .aligncenter{width:100%;}.kadence-column1964_e6c8c4-93 > .kt-inside-inner-col{background-color:var(--global-palette3, #1A202C);}.kadence-column1964_e6c8c4-93 > .kt-inside-inner-col:before{opacity:0.3;}.kadence-column1964_e6c8c4-93{position:relative;}@media all and (max-width: 1024px){.kadence-column1964_e6c8c4-93 > .kt-inside-inner-col{flex-direction:column;justify-content:center;}}@media all and (max-width: 767px){.kadence-column1964_e6c8c4-93 > .kt-inside-inner-col{padding-top:30px;padding-right:15px;padding-bottom:30px;padding-left:15px;flex-direction:column;justify-content:center;}}<\/style>\n<div class=\"wp-block-kadence-column kadence-column1964_e6c8c4-93 inner-column-2\"><div class=\"kt-inside-inner-col\"><style>.kadence-form-1964_2e3294-58 .kb-form .kadence-blocks-form-field .kb-text-style-field, .kadence-form-1964_2e3294-58 .kb-form .kadence-blocks-form-field .kb-select-style-field{color:var(--global-palette7, #EDF2F7);background:var(--global-palette3, #1A202C);border-color:var(--global-palette6, #718096);}.kadence-form-1964_2e3294-58 .kb-form .kadence-blocks-form-field > label{color:var(--global-palette9, #ffffff);font-weight:bold;}.kadence-form-1964_2e3294-58 .kb-form .kadence-blocks-form-field .kb-forms-submit{color:var(--global-palette9, #ffffff);}.kb-form input.kadence-blocks-field.verify{opacity:0.0;position:absolute;top:0.0;left:0.0;width:0.0;height:0.0;z-index:-1;}<\/style>\n<div class=\"wp-block-kadence-form kadence-form-1964_2e3294-58 kb-form-wrap\"><form class=\"kb-form\" action=\"\" method=\"post\"><div class=\"kadence-blocks-form-field kb-field-desk-width-100 kb-input-size-standard\"><label for=\"kb_field_1964_2e3294-58_0\">Navn\/name<span class=\"required\">*<\/span><\/label><input name=\"kb_field_0\" id=\"kb_field_1964_2e3294-58_0\" data-label=\"Navn\/name\" type=\"text\" placeholder=\"Navn\/name\" value=\"\" data-type=\"text\" class=\"kb-field kb-text-style-field kb-text-field kb-field-0\" data-required=\"yes\"\/><\/div><div class=\"kadence-blocks-form-field kb-form-field-1 kb-field-desk-width-100 kb-input-size-standard\"><label for=\"kb_field_1964_2e3294-58_1\">E-mail<span class=\"required\">*<\/span><\/label><input name=\"kb_field_1\" id=\"kb_field_1964_2e3294-58_1\" data-label=\"E-mail\" type=\"email\" placeholder=\"E-mail\" value=\"\" data-type=\"email\" class=\"kb-field kb-text-style-field kb-email-field kb-field-1\" data-required=\"yes\"\/><\/div><div class=\"kadence-blocks-form-field kb-form-field-2 kb-field-desk-width-100 kb-input-size-standard\"><label for=\"kb_field_1964_2e3294-58_2\">Besked\/message<span class=\"required\">*<\/span><\/label><textarea name=\"kb_field_2\" id=\"kb_field_1964_2e3294-58_2\" data-label=\"Besked\/message\" type=\"textarea\" placeholder=\"Hvad kan vi g\u00f8re for dig?\" data-type=\"textarea\" class=\"kb-field kb-text-style-field kb-textarea-field kb-field-2\" rows=\"4\" data-required=\"yes\"><\/textarea><\/div><input type=\"hidden\" name=\"_kb_form_id\" value=\"1964_2e3294-58\"\/><input type=\"hidden\" name=\"_kb_form_post_id\" value=\"1964\"\/><input type=\"hidden\" name=\"action\" value=\"kb_process_ajax_submit\"\/><label class=\"kadence-verify-label\">Email<input class=\"kadence-blocks-field verify\" type=\"text\" name=\"_kb_verify_email\" autocomplete=\"new-password\" aria-hidden=\"true\" placeholder=\"Email\" tabindex=\"-1\" data-1p-ignore=\"true\" data-lpignore=\"true\" \/><\/label><div class=\"kadence-blocks-form-field kb-submit-field kb-field-desk-width-100\"><button class=\"kb-forms-submit button kb-button-size-large kb-button-width-full\">SEND<\/button><\/div><\/form><\/div>\n<noscript><div class=\"kadence-blocks-form-message kadence-blocks-form-warning\">Veuillez activer JavaScript dans votre navigateur pour envoyer le formulaire.<\/div><style>.kadence-form-1964_2e3294-58 .kadence-blocks-form-field.kb-submit-field { display: none; }<\/style><\/noscript><\/div><\/div>\n\n<\/div><\/div>\n\n\n<div style=\"-webkit-filter: grayscale(100%);filter: grayscale(100%); margin-bottom: -10px;\"><iframe src=\"https:\/\/www.google.com\/maps\/embed\/v1\/place?q=place_id:ChIJ05S2WiptUkYRehu6KDwqZ6w&amp;key=AIzaSyA1uHSCbvE2BPU7Yzl0wfPe0inenqxrXKc\" width=\"2400\" height=\"400\" style=\"border:0;\" allowfullscreen=\"\" loading=\"lazy\"><\/iframe><\/div>\n","protected":false},"excerpt":{"rendered":"<p>Votre r\u00e9servation V\u00e9rifiez votre r\u00e9servation \u00e0 l'aide de ce formulaire : Vous avez une question concernant votre r\u00e9servation ? Utilisez notre formulaire de contact \u2192<\/p>","protected":false},"author":1,"featured_media":1865,"parent":0,"menu_order":0,"comment_status":"closed","ping_status":"closed","template":"","meta":{"_kb_optimizer_status":0,"_kadence_starter_templates_imported_post":true,"_kad_post_transparent":"","_kad_post_title":"hide","_kad_post_layout":"fullwidth","_kad_post_sidebar_id":"","_kad_post_content_style":"unboxed","_kad_post_vertical_padding":"hide","_kad_post_feature":"hide","_kad_post_feature_position":"","_kad_post_header":false,"_kad_post_footer":false,"_kad_post_classname":"","slim_seo":{"title":"Reservation - H\u00e5ndter din reservation | Fredfyldt","description":"Har du brug for at h\u00e5ndtere din reservation? Kontakt os via formularen eller ring til os 24\/7 p\u00e5 +45 23 44 88 44. Vi sidder klar til at hj\u00e6lpe dig.","noindex":"1"},"footnotes":""},"class_list":["post-1964","page","type-page","status-publish","has-post-thumbnail","hentry"],"jetpack_sharing_enabled":true,"_links":{"self":[{"href":"https:\/\/fredfyldt.dk\/fr\/wp-json\/wp\/v2\/pages\/1964","targetHints":{"allow":["GET"]}}],"collection":[{"href":"https:\/\/fredfyldt.dk\/fr\/wp-json\/wp\/v2\/pages"}],"about":[{"href":"https:\/\/fredfyldt.dk\/fr\/wp-json\/wp\/v2\/types\/page"}],"author":[{"embeddable":true,"href":"https:\/\/fredfyldt.dk\/fr\/wp-json\/wp\/v2\/users\/1"}],"replies":[{"embeddable":true,"href":"https:\/\/fredfyldt.dk\/fr\/wp-json\/wp\/v2\/comments?post=1964"}],"version-history":[{"count":1,"href":"https:\/\/fredfyldt.dk\/fr\/wp-json\/wp\/v2\/pages\/1964\/revisions"}],"predecessor-version":[{"id":1965,"href":"https:\/\/fredfyldt.dk\/fr\/wp-json\/wp\/v2\/pages\/1964\/revisions\/1965"}],"wp:featuredmedia":[{"embeddable":true,"href":"https:\/\/fredfyldt.dk\/fr\/wp-json\/wp\/v2\/media\/1865"}],"wp:attachment":[{"href":"https:\/\/fredfyldt.dk\/fr\/wp-json\/wp\/v2\/media?parent=1964"}],"curies":[{"name":"wp","href":"https:\/\/api.w.org\/{rel}","templated":true}]}}