{"id":1983,"date":"2024-05-24T09:26:18","date_gmt":"2024-05-24T07:26:18","guid":{"rendered":"https:\/\/fredfyldt.dk\/?page_id=1983"},"modified":"2024-05-24T09:27:19","modified_gmt":"2024-05-24T07:27:19","slug":"maison-mobile","status":"publish","type":"page","link":"https:\/\/fredfyldt.dk\/fr\/mobilehome\/","title":{"rendered":"Maison mobile"},"content":{"rendered":"<style>.wp-block-kadence-advancedgallery.kb-gallery-wrap-id-1983_eb441c-d5{overflow:hidden;}.kb-gallery-id-1983_eb441c-d5 .kadence-blocks-gallery-item .kb-gal-image-radius, .kb-gallery-id-1983_eb441c-d5 .kb-slide-item .kb-gal-image-radius img{border-radius:0px 0px 0px 0px;;}.kb-gallery-wrap-id-1983_eb441c-d5.wp-block-kadence-advancedgallery{overflow:visible;}.kb-gallery-wrap-id-1983_eb441c-d5.wp-block-kadence-advancedgallery .kt-blocks-carousel{overflow:visible;}<\/style><div class=\"kb-gallery-wrap-id-1983_eb441c-d5 alignnone wp-block-kadence-advancedgallery\"><div class=\"kb-gallery-ul kb-gallery-non-static kb-gallery-type-carousel kb-gallery-id-1983_eb441c-d5 kb-gallery-caption-style-bottom-hover kb-gallery-filter-none\" data-image-filter=\"none\" data-lightbox-caption=\"true\"><div class=\"kt-blocks-carousel splide kt-carousel-container-dotstyle-dark kt-carousel-arrowstyle-whiteondark kt-carousel-dotstyle-dark kb-slider-group-arrow kb-slider-arrow-position-center\" data-columns-xxl=\"2\" data-columns-xl=\"2\" data-columns-md=\"2\" data-columns-sm=\"2\" data-columns-xs=\"1\" data-columns-ss=\"1\" data-slider-anim-speed=\"400\" data-slider-scroll=\"1\" data-slider-arrows=\"true\" data-slider-dots=\"true\" data-slider-hover-pause=\"false\" data-slider-auto=\"\" data-slider-speed=\"7000\" data-slider-gap=\"10px\" data-slider-gap-tablet=\"10px\" data-slider-gap-mobile=\"10px\" data-show-pause-button=\"false\" data-slider-label=\"Photo Gallery Carousel\"><div class=\"splide__track\"><ul class=\"kt-blocks-carousel-init kb-gallery-carousel splide__list\"><li class=\"kb-slide-item kb-gallery-carousel-item splide__slide\"><div class=\"kadence-blocks-gallery-item\"><div class=\"kadence-blocks-gallery-item-inner\"><figure class=\"kb-gallery-figure kadence-blocks-gallery-item-hide-caption\"><div class=\"kb-gal-image-radius\"><div class=\"kb-gallery-image-contain kadence-blocks-gallery-intrinsic kb-gallery-image-ratio-land32 kb-has-image-ratio-land32\" ><img data-recalc-dims=\"1\" loading=\"lazy\" decoding=\"async\" src=\"https:\/\/i0.wp.com\/fredfyldt.dk\/wp-content\/uploads\/2024\/05\/3-1024x576.webp?resize=1024%2C576&#038;ssl=1\" width=\"1024\" height=\"576\" alt=\"\" data-full-image=\"https:\/\/fredfyldt.dk\/wp-content\/uploads\/2024\/05\/3-jpeg.webp\" data-light-image=\"https:\/\/fredfyldt.dk\/wp-content\/uploads\/2024\/05\/3-jpeg.webp\" data-id=\"1986\" class=\"wp-image-1986 skip-lazy\"\/><\/div><\/div><\/figure><\/div><\/div><\/li><li class=\"kb-slide-item kb-gallery-carousel-item splide__slide\"><div class=\"kadence-blocks-gallery-item\"><div class=\"kadence-blocks-gallery-item-inner\"><figure class=\"kb-gallery-figure kadence-blocks-gallery-item-hide-caption\"><div class=\"kb-gal-image-radius\"><div class=\"kb-gallery-image-contain kadence-blocks-gallery-intrinsic kb-gallery-image-ratio-land32 kb-has-image-ratio-land32\" ><img data-recalc-dims=\"1\" loading=\"lazy\" decoding=\"async\" src=\"https:\/\/i0.wp.com\/fredfyldt.dk\/wp-content\/uploads\/2024\/05\/1-1024x768.webp?resize=1024%2C768&#038;ssl=1\" width=\"1024\" height=\"768\" alt=\"\" data-full-image=\"https:\/\/fredfyldt.dk\/wp-content\/uploads\/2024\/05\/1-scaled.webp\" data-light-image=\"https:\/\/fredfyldt.dk\/wp-content\/uploads\/2024\/05\/1-scaled.webp\" data-id=\"1984\" class=\"wp-image-1984 skip-lazy\"\/><\/div><\/div><\/figure><\/div><\/div><\/li><li class=\"kb-slide-item kb-gallery-carousel-item splide__slide\"><div class=\"kadence-blocks-gallery-item\"><div class=\"kadence-blocks-gallery-item-inner\"><figure class=\"kb-gallery-figure kadence-blocks-gallery-item-hide-caption\"><div class=\"kb-gal-image-radius\"><div class=\"kb-gallery-image-contain kadence-blocks-gallery-intrinsic kb-gallery-image-ratio-land32 kb-has-image-ratio-land32\" ><img data-recalc-dims=\"1\" loading=\"lazy\" decoding=\"async\" src=\"https:\/\/i0.wp.com\/fredfyldt.dk\/wp-content\/uploads\/2024\/05\/2-1024x576.webp?resize=1024%2C576&#038;ssl=1\" width=\"1024\" height=\"576\" alt=\"\" data-full-image=\"https:\/\/fredfyldt.dk\/wp-content\/uploads\/2024\/05\/2-scaled.webp\" data-light-image=\"https:\/\/fredfyldt.dk\/wp-content\/uploads\/2024\/05\/2-scaled.webp\" data-id=\"1985\" class=\"wp-image-1985 skip-lazy\"\/><\/div><\/div><\/figure><\/div><\/div><\/li><li class=\"kb-slide-item kb-gallery-carousel-item splide__slide\"><div class=\"kadence-blocks-gallery-item\"><div class=\"kadence-blocks-gallery-item-inner\"><figure class=\"kb-gallery-figure kadence-blocks-gallery-item-hide-caption\"><div class=\"kb-gal-image-radius\"><div class=\"kb-gallery-image-contain kadence-blocks-gallery-intrinsic kb-gallery-image-ratio-land32 kb-has-image-ratio-land32\" ><img data-recalc-dims=\"1\" loading=\"lazy\" decoding=\"async\" src=\"https:\/\/i0.wp.com\/fredfyldt.dk\/wp-content\/uploads\/2024\/05\/4-1024x768.webp?resize=1024%2C768&#038;ssl=1\" width=\"1024\" height=\"768\" alt=\"\" data-full-image=\"https:\/\/fredfyldt.dk\/wp-content\/uploads\/2024\/05\/4-jpeg.webp\" data-light-image=\"https:\/\/fredfyldt.dk\/wp-content\/uploads\/2024\/05\/4-jpeg.webp\" data-id=\"1987\" class=\"wp-image-1987 skip-lazy\"\/><\/div><\/div><\/figure><\/div><\/div><\/li><\/ul><\/div><\/div><\/div><\/div>\n\n<style>.kadence-column1983_f0019a-41 > .kt-inside-inner-col,.kadence-column1983_f0019a-41 > .kt-inside-inner-col:before{border-top-left-radius:0px;border-top-right-radius:0px;border-bottom-right-radius:0px;border-bottom-left-radius:0px;}.kadence-column1983_f0019a-41 > .kt-inside-inner-col{column-gap:var(--global-kb-gap-sm, 1rem);}.kadence-column1983_f0019a-41 > .kt-inside-inner-col{flex-direction:column;}.kadence-column1983_f0019a-41 > .kt-inside-inner-col > .aligncenter{width:100%;}.kadence-column1983_f0019a-41 > .kt-inside-inner-col:before{opacity:0.3;}.kadence-column1983_f0019a-41{position:relative;}@media all and (max-width: 1024px){.kadence-column1983_f0019a-41 > .kt-inside-inner-col{flex-direction:column;justify-content:center;}}@media all and (max-width: 767px){.kadence-column1983_f0019a-41 > .kt-inside-inner-col{flex-direction:column;justify-content:center;}}<\/style>\n<div class=\"wp-block-kadence-column kadence-column1983_f0019a-41\"><div class=\"kt-inside-inner-col\">\n<p>Peut accueillir jusqu'\u00e0 6 personnes.<br>3 Chambres - 1 avec lit double et 2 avec lits simples.<br>1 douche et toilettes<br>Dans la salle familiale, il y a :<br>1 cuisine avec four, zone de cuisson et cong\u00e9lateur\/r\u00e9frig\u00e9rateur<br>1 Table \u00e0 manger<br>1 Canap\u00e9-lounge avec table basse<\/p>\n\n\n\n<p>Apportez vos propres draps et serviettes ou louez-les chez nous au prix de 100 DKK par paquet.<\/p>\n<\/div><\/div>","protected":false},"excerpt":{"rendered":"<p>La salle familiale comprend : 1 cuisine avec four, zone de cuisson et cong\u00e9lateur\/r\u00e9frig\u00e9rateur1 table \u00e0 manger1 canap\u00e9 de salon avec table basse N'oubliez pas vos propres draps et serviettes - ou louez-les chez nous pour 100 DKK par paquet.<\/p>","protected":false},"author":1,"featured_media":0,"parent":0,"menu_order":0,"comment_status":"closed","ping_status":"closed","template":"","meta":{"_kb_optimizer_status":0,"_kadence_starter_templates_imported_post":false,"_kad_post_transparent":"","_kad_post_title":"","_kad_post_layout":"","_kad_post_sidebar_id":"","_kad_post_content_style":"","_kad_post_vertical_padding":"","_kad_post_feature":"","_kad_post_feature_position":"","_kad_post_header":false,"_kad_post_footer":false,"_kad_post_classname":"","slim_seo":{"title":"Mobilehome - Frederiksv\u00e6rk Camping et auberge de jeunesse","description":""},"footnotes":""},"class_list":["post-1983","page","type-page","status-publish","hentry"],"jetpack_sharing_enabled":true,"_links":{"self":[{"href":"https:\/\/fredfyldt.dk\/fr\/wp-json\/wp\/v2\/pages\/1983","targetHints":{"allow":["GET"]}}],"collection":[{"href":"https:\/\/fredfyldt.dk\/fr\/wp-json\/wp\/v2\/pages"}],"about":[{"href":"https:\/\/fredfyldt.dk\/fr\/wp-json\/wp\/v2\/types\/page"}],"author":[{"embeddable":true,"href":"https:\/\/fredfyldt.dk\/fr\/wp-json\/wp\/v2\/users\/1"}],"replies":[{"embeddable":true,"href":"https:\/\/fredfyldt.dk\/fr\/wp-json\/wp\/v2\/comments?post=1983"}],"version-history":[{"count":2,"href":"https:\/\/fredfyldt.dk\/fr\/wp-json\/wp\/v2\/pages\/1983\/revisions"}],"predecessor-version":[{"id":1998,"href":"https:\/\/fredfyldt.dk\/fr\/wp-json\/wp\/v2\/pages\/1983\/revisions\/1998"}],"wp:attachment":[{"href":"https:\/\/fredfyldt.dk\/fr\/wp-json\/wp\/v2\/media?parent=1983"}],"curies":[{"name":"wp","href":"https:\/\/api.w.org\/{rel}","templated":true}]}}