{"id":2,"date":"2021-11-24T18:39:55","date_gmt":"2021-11-24T17:39:55","guid":{"rendered":"https:\/\/fredfyldt.dk\/?page_id=2"},"modified":"2026-03-29T11:20:49","modified_gmt":"2026-03-29T09:20:49","slug":"esempio-pagina","status":"publish","type":"page","link":"https:\/\/fredfyldt.dk\/it\/eksempel-side\/","title":{"rendered":"Pagina d'esempio"},"content":{"rendered":"<p>Questa \u00e8 una pagina di esempio. \u00c8 diversa da un post del blog perch\u00e9 rimarr\u00e0 in un unico posto e apparir\u00e0 nella navigazione del tuo sito web (nella maggior parte dei temi). La maggior parte delle persone inizia con una pagina \"Informazioni\" che li presenta ai potenziali visitatori del sito. Potrebbe dire, ad esempio:<\/p>\n\n\n\n<blockquote class=\"wp-block-quote is-layout-flow wp-block-quote-is-layout-flow\"><p>Ciao! Sono un corriere in bicicletta di giorno, un attore in erba di notte, e questo \u00e8 il mio sito web. Vivo a Los Angeles, ho un cane fantastico di nome Jack e adoro le pi\u00f1a colada. (E essere sorpreso dalla pioggia.)<\/p><\/blockquote>\n\n\n\n<p>\u2026o qualcosa di simile:<\/p>\n\n\n\n<blockquote class=\"wp-block-quote is-layout-flow wp-block-quote-is-layout-flow\"><p>La ditta XYZ Dingenot \u00e8 stata fondata nel 1971 e da allora fornisce dingenot di qualit\u00e0 al pubblico. XYZ si trova a Gotham City e impiega oltre 2.000 persone, facendo ogni sorta di cose fantastiche per la comunit\u00e0 di Gotham.<\/p><\/blockquote>\n\n\n\n<p>Come nuovo utente di WordPress, dovresti andare su <a href=\"https:\/\/fredfyldt.dk\/wp-admin\/\">il tuo pannello di controllo<\/a> per eliminare questa pagina e creare nuove pagine per i tuoi contenuti. Divertiti!<\/p>","protected":false},"excerpt":{"rendered":"<p>Dette er en eksempelside. Den er forskellig fra et blogindl\u00e6g fordi at den vil forblive \u00e9t sted og vil dukke op i dit websteds navigation (i de fleste temaer). De fleste folk starter med en Om side der introducerer dem til potentielle bes\u00f8gende p\u00e5 webstedet. Der kunne for eksempel st\u00e5: Hej! Jeg er et cykelbud&#8230;<\/p>","protected":false},"author":1,"featured_media":0,"parent":0,"menu_order":0,"comment_status":"closed","ping_status":"closed","template":"","meta":{"_kb_optimizer_status":0,"_kadence_starter_templates_imported_post":false,"_kad_post_transparent":"","_kad_post_title":"","_kad_post_layout":"","_kad_post_sidebar_id":"","_kad_post_content_style":"","_kad_post_vertical_padding":"","_kad_post_feature":"","_kad_post_feature_position":"","_kad_post_header":false,"_kad_post_footer":false,"_kad_post_classname":"","slim_seo":{"noindex":"1","title":"Eksempelside - Frederiksv\u00e6rk Camping og Vandrehjem","description":"Questa \u00e8 una pagina di esempio. \u00c8 diversa da un post del blog perch\u00e9 rimarr\u00e0 in un unico posto e apparir\u00e0 nella navigazione del tuo sito web (nella maggior parte dei temi)."},"footnotes":""},"class_list":["post-2","page","type-page","status-publish","hentry"],"jetpack_sharing_enabled":true,"_links":{"self":[{"href":"https:\/\/fredfyldt.dk\/it\/wp-json\/wp\/v2\/pages\/2","targetHints":{"allow":["GET"]}}],"collection":[{"href":"https:\/\/fredfyldt.dk\/it\/wp-json\/wp\/v2\/pages"}],"about":[{"href":"https:\/\/fredfyldt.dk\/it\/wp-json\/wp\/v2\/types\/page"}],"author":[{"embeddable":true,"href":"https:\/\/fredfyldt.dk\/it\/wp-json\/wp\/v2\/users\/1"}],"replies":[{"embeddable":true,"href":"https:\/\/fredfyldt.dk\/it\/wp-json\/wp\/v2\/comments?post=2"}],"version-history":[{"count":1,"href":"https:\/\/fredfyldt.dk\/it\/wp-json\/wp\/v2\/pages\/2\/revisions"}],"predecessor-version":[{"id":2341,"href":"https:\/\/fredfyldt.dk\/it\/wp-json\/wp\/v2\/pages\/2\/revisions\/2341"}],"wp:attachment":[{"href":"https:\/\/fredfyldt.dk\/it\/wp-json\/wp\/v2\/media?parent=2"}],"curies":[{"name":"wp","href":"https:\/\/api.w.org\/{rel}","templated":true}]}}